{"id":1137,"date":"2026-03-31T11:37:03","date_gmt":"2026-03-31T11:37:03","guid":{"rendered":"https:\/\/www.toftheatre.be\/page\/?page_id=1137"},"modified":"2026-03-31T11:44:16","modified_gmt":"2026-03-31T11:44:16","slug":"acces","status":"publish","type":"page","link":"https:\/\/www.toftheatre.be\/page\/acces\/","title":{"rendered":"Acc\u00e8s"},"content":{"rendered":"<p>&nbsp;<\/p>\n<p>Les bureaux du <strong>Tof Th\u00e9\u00e2tre<\/strong> se trouvent au <strong>Monty<\/strong><br \/><em>58 rue de Charleroi, 1470 Genappe &#8211; Belgique<\/em><\/p>\n<p><iframe loading=\"lazy\" src=\"https:\/\/www.google.com\/maps\/embed?pb=%211m18%211m12%211m3%211d1182.7763268166489%212d4.450252300000001%213d50.60888649980766%212m3%211f0%212f0%213f0%213m2%211i1024%212i768%214f13.1%213m3%211m2%211s0x47c3d346c0d615c9%3A0xb792aecd6bf6f228%212sRue+de+Charleroi+58%215e1%213m2%211sfr%212sbe%214v1430241986929\"          style=\"border:0\"          frameborder=\"0\"          height=\"600\"        width=\"100%\"><\/iframe><\/p>\n<h2><span style=\"color: #ed0000;\">C<span style=\"color: #eb6526;\">omment <\/span>s<span style=\"color: #eb6526;\">e <span style=\"color: #ed0000;\">r<\/span>endre<span style=\"color: #ed0000;\"> c<\/span>hez <span style=\"color: #ed0000;\">n<\/span>ous <span style=\"color: #ed0000;\">?<\/span><\/span><\/span><\/h2>\n<p><strong>En train :<\/strong><br \/>Gare de Bruxelles midi<br \/>Puis prendre le train jusqu\u2019\u00e0 Nivelles (+\/- 30 min.)<br \/>Puis le bus N\u00b0 19 direction Ottignies (+\/- 16 min.)<br \/>Descendre \u00e0 Genappe \u00c9glise (rue deWays \u00e0 4 min. \u00e0 pied du MONTY)<\/p>\n<p><strong>En voiture :<\/strong><br \/>Parking Beghin : Plaine communale \u2013 pr\u00e8s du centre<br \/>Parking rue de la Station \u2013 pr\u00e8s du MONTY<br \/>Carrefour Market, chauss\u00e9e de Charleroi, 2 (apr\u00e8s 19h30)<\/p>\n","protected":false},"excerpt":{"rendered":"<p>&nbsp; Les bureaux du Tof Th\u00e9\u00e2tre se trouvent au Monty58 rue de Charleroi, 1470 Genappe &#8211; Belgique Comment se rendre chez nous ? En train :Gare de Bruxelles midiPuis prendre le train jusqu\u2019\u00e0 Nivelles (+\/- 30 min.)Puis le bus N\u00b0 19 direction Ottignies (+\/- 16 min.)Descendre \u00e0 Genappe \u00c9glise (rue deWays \u00e0 4 min. \u00e0&hellip;&nbsp;<\/p>\n","protected":false},"author":1,"featured_media":0,"parent":0,"menu_order":0,"comment_status":"closed","ping_status":"closed","template":"","meta":{"neve_meta_sidebar":"","neve_meta_container":"","neve_meta_enable_content_width":"","neve_meta_content_width":0,"neve_meta_title_alignment":"","neve_meta_author_avatar":"","neve_post_elements_order":"","neve_meta_disable_header":"","neve_meta_disable_footer":"","neve_meta_disable_title":"","footnotes":""},"class_list":["post-1137","page","type-page","status-publish","hentry"],"yoast_head":"<!-- This site is optimized with the Yoast SEO plugin v27.3 - https:\/\/yoast.com\/product\/yoast-seo-wordpress\/ -->\n<title>Acc\u00e8s -<\/title>\n<meta name=\"robots\" content=\"index, follow, max-snippet:-1, max-image-preview:large, max-video-preview:-1\" \/>\n<link rel=\"canonical\" href=\"https:\/\/www.toftheatre.be\/page\/acces\/\" \/>\n<meta property=\"og:locale\" content=\"fr_FR\" \/>\n<meta property=\"og:type\" content=\"article\" \/>\n<meta property=\"og:title\" content=\"Acc\u00e8s -\" \/>\n<meta property=\"og:description\" content=\"&nbsp; Les bureaux du Tof Th\u00e9\u00e2tre se trouvent au Monty58 rue de Charleroi, 1470 Genappe &#8211; Belgique Comment se rendre chez nous ? En train :Gare de Bruxelles midiPuis prendre le train jusqu\u2019\u00e0 Nivelles (+\/- 30 min.)Puis le bus N\u00b0 19 direction Ottignies (+\/- 16 min.)Descendre \u00e0 Genappe \u00c9glise (rue deWays \u00e0 4 min. \u00e0&hellip;&nbsp;\" \/>\n<meta property=\"og:url\" content=\"https:\/\/www.toftheatre.be\/page\/acces\/\" \/>\n<meta property=\"article:publisher\" content=\"https:\/\/www.facebook.com\/toftheatre\" \/>\n<meta property=\"article:modified_time\" content=\"2026-03-31T11:44:16+00:00\" \/>\n<meta property=\"og:image\" content=\"https:\/\/www.toftheatre.be\/page\/wp-content\/uploads\/2026\/03\/logo-tof-678-530.png\" \/>\n\t<meta property=\"og:image:width\" content=\"678\" \/>\n\t<meta property=\"og:image:height\" content=\"530\" \/>\n\t<meta property=\"og:image:type\" content=\"image\/png\" \/>\n<meta name=\"twitter:card\" content=\"summary_large_image\" \/>\n<script type=\"application\/ld+json\" class=\"yoast-schema-graph\">{\"@context\":\"https:\\\/\\\/schema.org\",\"@graph\":[{\"@type\":\"WebPage\",\"@id\":\"https:\\\/\\\/www.toftheatre.be\\\/page\\\/acces\\\/\",\"url\":\"https:\\\/\\\/www.toftheatre.be\\\/page\\\/acces\\\/\",\"name\":\"Acc\u00e8s -\",\"isPartOf\":{\"@id\":\"https:\\\/\\\/www.toftheatre.be\\\/page\\\/#website\"},\"datePublished\":\"2026-03-31T11:37:03+00:00\",\"dateModified\":\"2026-03-31T11:44:16+00:00\",\"breadcrumb\":{\"@id\":\"https:\\\/\\\/www.toftheatre.be\\\/page\\\/acces\\\/#breadcrumb\"},\"inLanguage\":\"fr-BE\",\"potentialAction\":[{\"@type\":\"ReadAction\",\"target\":[\"https:\\\/\\\/www.toftheatre.be\\\/page\\\/acces\\\/\"]}]},{\"@type\":\"BreadcrumbList\",\"@id\":\"https:\\\/\\\/www.toftheatre.be\\\/page\\\/acces\\\/#breadcrumb\",\"itemListElement\":[{\"@type\":\"ListItem\",\"position\":1,\"name\":\"Accueil\",\"item\":\"https:\\\/\\\/www.toftheatre.be\\\/page\\\/\"},{\"@type\":\"ListItem\",\"position\":2,\"name\":\"Acc\u00e8s\"}]},{\"@type\":\"WebSite\",\"@id\":\"https:\\\/\\\/www.toftheatre.be\\\/page\\\/#website\",\"url\":\"https:\\\/\\\/www.toftheatre.be\\\/page\\\/\",\"name\":\"Tof Th\u00e9\u00e2tre\",\"description\":\"\",\"publisher\":{\"@id\":\"https:\\\/\\\/www.toftheatre.be\\\/page\\\/#organization\"},\"potentialAction\":[{\"@type\":\"SearchAction\",\"target\":{\"@type\":\"EntryPoint\",\"urlTemplate\":\"https:\\\/\\\/www.toftheatre.be\\\/page\\\/?s={search_term_string}\"},\"query-input\":{\"@type\":\"PropertyValueSpecification\",\"valueRequired\":true,\"valueName\":\"search_term_string\"}}],\"inLanguage\":\"fr-BE\"},{\"@type\":\"Organization\",\"@id\":\"https:\\\/\\\/www.toftheatre.be\\\/page\\\/#organization\",\"name\":\"Tof Th\u00e9\u00e2tre\",\"url\":\"https:\\\/\\\/www.toftheatre.be\\\/page\\\/\",\"logo\":{\"@type\":\"ImageObject\",\"inLanguage\":\"fr-BE\",\"@id\":\"https:\\\/\\\/www.toftheatre.be\\\/page\\\/#\\\/schema\\\/logo\\\/image\\\/\",\"url\":\"https:\\\/\\\/www.toftheatre.be\\\/page\\\/wp-content\\\/uploads\\\/2026\\\/03\\\/cropped-logo-tof-678-530.png\",\"contentUrl\":\"https:\\\/\\\/www.toftheatre.be\\\/page\\\/wp-content\\\/uploads\\\/2026\\\/03\\\/cropped-logo-tof-678-530.png\",\"width\":200,\"height\":153,\"caption\":\"Tof Th\u00e9\u00e2tre\"},\"image\":{\"@id\":\"https:\\\/\\\/www.toftheatre.be\\\/page\\\/#\\\/schema\\\/logo\\\/image\\\/\"},\"sameAs\":[\"https:\\\/\\\/www.facebook.com\\\/toftheatre\",\"https:\\\/\\\/www.instagram.com\\\/tof_theatre\\\/\"]}]}<\/script>\n<!-- \/ Yoast SEO plugin. -->","yoast_head_json":{"title":"Acc\u00e8s -","robots":{"index":"index","follow":"follow","max-snippet":"max-snippet:-1","max-image-preview":"max-image-preview:large","max-video-preview":"max-video-preview:-1"},"canonical":"https:\/\/www.toftheatre.be\/page\/acces\/","og_locale":"fr_FR","og_type":"article","og_title":"Acc\u00e8s -","og_description":"&nbsp; Les bureaux du Tof Th\u00e9\u00e2tre se trouvent au Monty58 rue de Charleroi, 1470 Genappe &#8211; Belgique Comment se rendre chez nous ? En train :Gare de Bruxelles midiPuis prendre le train jusqu\u2019\u00e0 Nivelles (+\/- 30 min.)Puis le bus N\u00b0 19 direction Ottignies (+\/- 16 min.)Descendre \u00e0 Genappe \u00c9glise (rue deWays \u00e0 4 min. \u00e0&hellip;&nbsp;","og_url":"https:\/\/www.toftheatre.be\/page\/acces\/","article_publisher":"https:\/\/www.facebook.com\/toftheatre","article_modified_time":"2026-03-31T11:44:16+00:00","og_image":[{"width":678,"height":530,"url":"https:\/\/www.toftheatre.be\/page\/wp-content\/uploads\/2026\/03\/logo-tof-678-530.png","type":"image\/png"}],"twitter_card":"summary_large_image","schema":{"@context":"https:\/\/schema.org","@graph":[{"@type":"WebPage","@id":"https:\/\/www.toftheatre.be\/page\/acces\/","url":"https:\/\/www.toftheatre.be\/page\/acces\/","name":"Acc\u00e8s -","isPartOf":{"@id":"https:\/\/www.toftheatre.be\/page\/#website"},"datePublished":"2026-03-31T11:37:03+00:00","dateModified":"2026-03-31T11:44:16+00:00","breadcrumb":{"@id":"https:\/\/www.toftheatre.be\/page\/acces\/#breadcrumb"},"inLanguage":"fr-BE","potentialAction":[{"@type":"ReadAction","target":["https:\/\/www.toftheatre.be\/page\/acces\/"]}]},{"@type":"BreadcrumbList","@id":"https:\/\/www.toftheatre.be\/page\/acces\/#breadcrumb","itemListElement":[{"@type":"ListItem","position":1,"name":"Accueil","item":"https:\/\/www.toftheatre.be\/page\/"},{"@type":"ListItem","position":2,"name":"Acc\u00e8s"}]},{"@type":"WebSite","@id":"https:\/\/www.toftheatre.be\/page\/#website","url":"https:\/\/www.toftheatre.be\/page\/","name":"Tof Th\u00e9\u00e2tre","description":"","publisher":{"@id":"https:\/\/www.toftheatre.be\/page\/#organization"},"potentialAction":[{"@type":"SearchAction","target":{"@type":"EntryPoint","urlTemplate":"https:\/\/www.toftheatre.be\/page\/?s={search_term_string}"},"query-input":{"@type":"PropertyValueSpecification","valueRequired":true,"valueName":"search_term_string"}}],"inLanguage":"fr-BE"},{"@type":"Organization","@id":"https:\/\/www.toftheatre.be\/page\/#organization","name":"Tof Th\u00e9\u00e2tre","url":"https:\/\/www.toftheatre.be\/page\/","logo":{"@type":"ImageObject","inLanguage":"fr-BE","@id":"https:\/\/www.toftheatre.be\/page\/#\/schema\/logo\/image\/","url":"https:\/\/www.toftheatre.be\/page\/wp-content\/uploads\/2026\/03\/cropped-logo-tof-678-530.png","contentUrl":"https:\/\/www.toftheatre.be\/page\/wp-content\/uploads\/2026\/03\/cropped-logo-tof-678-530.png","width":200,"height":153,"caption":"Tof Th\u00e9\u00e2tre"},"image":{"@id":"https:\/\/www.toftheatre.be\/page\/#\/schema\/logo\/image\/"},"sameAs":["https:\/\/www.facebook.com\/toftheatre","https:\/\/www.instagram.com\/tof_theatre\/"]}]}},"_links":{"self":[{"href":"https:\/\/www.toftheatre.be\/page\/wp-json\/wp\/v2\/pages\/1137","targetHints":{"allow":["GET"]}}],"collection":[{"href":"https:\/\/www.toftheatre.be\/page\/wp-json\/wp\/v2\/pages"}],"about":[{"href":"https:\/\/www.toftheatre.be\/page\/wp-json\/wp\/v2\/types\/page"}],"author":[{"embeddable":true,"href":"https:\/\/www.toftheatre.be\/page\/wp-json\/wp\/v2\/users\/1"}],"replies":[{"embeddable":true,"href":"https:\/\/www.toftheatre.be\/page\/wp-json\/wp\/v2\/comments?post=1137"}],"version-history":[{"count":6,"href":"https:\/\/www.toftheatre.be\/page\/wp-json\/wp\/v2\/pages\/1137\/revisions"}],"predecessor-version":[{"id":1146,"href":"https:\/\/www.toftheatre.be\/page\/wp-json\/wp\/v2\/pages\/1137\/revisions\/1146"}],"wp:attachment":[{"href":"https:\/\/www.toftheatre.be\/page\/wp-json\/wp\/v2\/media?parent=1137"}],"curies":[{"name":"wp","href":"https:\/\/api.w.org\/{rel}","templated":true}]}}