{"id":1153,"date":"2026-04-02T11:49:35","date_gmt":"2026-04-02T11:49:35","guid":{"rendered":"https:\/\/www.toftheatre.be\/page\/?page_id=1153"},"modified":"2026-04-02T13:42:36","modified_gmt":"2026-04-02T13:42:36","slug":"lequipe","status":"publish","type":"page","link":"https:\/\/www.toftheatre.be\/page\/lequipe\/","title":{"rendered":"L&rsquo;\u00e9quipe"},"content":{"rendered":"<p>&nbsp;<\/p>\n<p><strong><span style=\"color: #eb6526;\">Alain Moreau<\/span><br \/>\n<\/strong>Direction artistique et g\u00e9n\u00e9rale &amp; mise en sc\u00e8ne des spectacles<\/p>\n<p><strong><span style=\"color: #eb6526;\">Catherine Blanjean<\/span><br \/>\n<\/strong>Coordination financi\u00e8re et administrative<\/p>\n<p><strong><span style=\"color: #eb6526;\">My-Linh Bui<\/span><br \/>\n<\/strong>D\u00e9veloppement de projets, programmation du Festival Maboule, diffusion des spectacles (Kurieuze &amp; Cies)<\/p>\n<p><strong><span style=\"color: #eb6526;\">Joachim Martens<\/span><br \/>\n<\/strong>Assistant administratif<\/p>\n<p><strong><span style=\"color: #eb6526;\">Pascale Mahieu<\/span><br \/>\n<\/strong>Production et d\u00e9veloppement de projets<\/p>\n<p><strong><span style=\"color: #eb6526;\">Ga\u00eblle Carlier<\/span><br \/>\n<\/strong>Assistante de communication et diffusion<\/p>\n<p><strong><span style=\"color: #eb6526;\">Matthieu Chemin<\/span><br \/>\n<\/strong>Direction technique<\/p>\n<p><strong><span style=\"color: #eb6526;\">Amaury Bertels<\/span><br \/>\n<\/strong>R\u00e9gisseur de tourn\u00e9e<\/p>\n<p><strong><span style=\"color: #eb6526;\">Igor Paduart<\/span><br \/>\n<\/strong>R\u00e9gisseur stagiaire<\/p>\n<p><strong><span style=\"color: #eb6526;\">Nicolas Laine<\/span><br \/>\n<\/strong>Artiste associ\u00e9<\/p>\n<p><strong><span style=\"color: #eb6526;\">Phoebe Endfield Lochore, Samuel Villanueava-Hullebroek, Jeanne Guillou<\/span><br \/>\n<\/strong>Artistes en compagnonnage<\/p>\n","protected":false},"excerpt":{"rendered":"<p>&nbsp; Alain Moreau Direction artistique et g\u00e9n\u00e9rale &amp; mise en sc\u00e8ne des spectacles Catherine Blanjean Coordination financi\u00e8re et administrative My-Linh Bui D\u00e9veloppement de projets, programmation du Festival Maboule, diffusion des spectacles (Kurieuze &amp; Cies) Joachim Martens Assistant administratif Pascale Mahieu Production et d\u00e9veloppement de projets Ga\u00eblle Carlier Assistante de communication et diffusion Matthieu Chemin Direction&hellip;&nbsp;<\/p>\n","protected":false},"author":1,"featured_media":0,"parent":0,"menu_order":0,"comment_status":"closed","ping_status":"closed","template":"","meta":{"neve_meta_sidebar":"","neve_meta_container":"","neve_meta_enable_content_width":"","neve_meta_content_width":0,"neve_meta_title_alignment":"","neve_meta_author_avatar":"","neve_post_elements_order":"","neve_meta_disable_header":"","neve_meta_disable_footer":"","neve_meta_disable_title":"","footnotes":""},"class_list":["post-1153","page","type-page","status-publish","hentry"],"yoast_head":"<!-- This site is optimized with the Yoast SEO plugin v27.3 - https:\/\/yoast.com\/product\/yoast-seo-wordpress\/ -->\n<title>L&#039;\u00e9quipe -<\/title>\n<meta name=\"robots\" content=\"index, follow, max-snippet:-1, max-image-preview:large, max-video-preview:-1\" \/>\n<link rel=\"canonical\" href=\"https:\/\/www.toftheatre.be\/page\/lequipe\/\" \/>\n<meta property=\"og:locale\" content=\"fr_FR\" \/>\n<meta property=\"og:type\" content=\"article\" \/>\n<meta property=\"og:title\" content=\"L&#039;\u00e9quipe -\" \/>\n<meta property=\"og:description\" content=\"&nbsp; Alain Moreau Direction artistique et g\u00e9n\u00e9rale &amp; mise en sc\u00e8ne des spectacles Catherine Blanjean Coordination financi\u00e8re et administrative My-Linh Bui D\u00e9veloppement de projets, programmation du Festival Maboule, diffusion des spectacles (Kurieuze &amp; Cies) Joachim Martens Assistant administratif Pascale Mahieu Production et d\u00e9veloppement de projets Ga\u00eblle Carlier Assistante de communication et diffusion Matthieu Chemin Direction&hellip;&nbsp;\" \/>\n<meta property=\"og:url\" content=\"https:\/\/www.toftheatre.be\/page\/lequipe\/\" \/>\n<meta property=\"article:publisher\" content=\"https:\/\/www.facebook.com\/toftheatre\" \/>\n<meta property=\"article:modified_time\" content=\"2026-04-02T13:42:36+00:00\" \/>\n<meta property=\"og:image\" content=\"https:\/\/www.toftheatre.be\/page\/wp-content\/uploads\/2026\/03\/logo-tof-678-530.png\" \/>\n\t<meta property=\"og:image:width\" content=\"678\" \/>\n\t<meta property=\"og:image:height\" content=\"530\" \/>\n\t<meta property=\"og:image:type\" content=\"image\/png\" \/>\n<meta name=\"twitter:card\" content=\"summary_large_image\" \/>\n<script type=\"application\/ld+json\" class=\"yoast-schema-graph\">{\"@context\":\"https:\\\/\\\/schema.org\",\"@graph\":[{\"@type\":\"WebPage\",\"@id\":\"https:\\\/\\\/www.toftheatre.be\\\/page\\\/lequipe\\\/\",\"url\":\"https:\\\/\\\/www.toftheatre.be\\\/page\\\/lequipe\\\/\",\"name\":\"L'\u00e9quipe -\",\"isPartOf\":{\"@id\":\"https:\\\/\\\/www.toftheatre.be\\\/page\\\/#website\"},\"datePublished\":\"2026-04-02T11:49:35+00:00\",\"dateModified\":\"2026-04-02T13:42:36+00:00\",\"breadcrumb\":{\"@id\":\"https:\\\/\\\/www.toftheatre.be\\\/page\\\/lequipe\\\/#breadcrumb\"},\"inLanguage\":\"fr-BE\",\"potentialAction\":[{\"@type\":\"ReadAction\",\"target\":[\"https:\\\/\\\/www.toftheatre.be\\\/page\\\/lequipe\\\/\"]}]},{\"@type\":\"BreadcrumbList\",\"@id\":\"https:\\\/\\\/www.toftheatre.be\\\/page\\\/lequipe\\\/#breadcrumb\",\"itemListElement\":[{\"@type\":\"ListItem\",\"position\":1,\"name\":\"Accueil\",\"item\":\"https:\\\/\\\/www.toftheatre.be\\\/page\\\/\"},{\"@type\":\"ListItem\",\"position\":2,\"name\":\"L&rsquo;\u00e9quipe\"}]},{\"@type\":\"WebSite\",\"@id\":\"https:\\\/\\\/www.toftheatre.be\\\/page\\\/#website\",\"url\":\"https:\\\/\\\/www.toftheatre.be\\\/page\\\/\",\"name\":\"Tof Th\u00e9\u00e2tre\",\"description\":\"\",\"publisher\":{\"@id\":\"https:\\\/\\\/www.toftheatre.be\\\/page\\\/#organization\"},\"potentialAction\":[{\"@type\":\"SearchAction\",\"target\":{\"@type\":\"EntryPoint\",\"urlTemplate\":\"https:\\\/\\\/www.toftheatre.be\\\/page\\\/?s={search_term_string}\"},\"query-input\":{\"@type\":\"PropertyValueSpecification\",\"valueRequired\":true,\"valueName\":\"search_term_string\"}}],\"inLanguage\":\"fr-BE\"},{\"@type\":\"Organization\",\"@id\":\"https:\\\/\\\/www.toftheatre.be\\\/page\\\/#organization\",\"name\":\"Tof Th\u00e9\u00e2tre\",\"url\":\"https:\\\/\\\/www.toftheatre.be\\\/page\\\/\",\"logo\":{\"@type\":\"ImageObject\",\"inLanguage\":\"fr-BE\",\"@id\":\"https:\\\/\\\/www.toftheatre.be\\\/page\\\/#\\\/schema\\\/logo\\\/image\\\/\",\"url\":\"https:\\\/\\\/www.toftheatre.be\\\/page\\\/wp-content\\\/uploads\\\/2026\\\/03\\\/cropped-logo-tof-678-530.png\",\"contentUrl\":\"https:\\\/\\\/www.toftheatre.be\\\/page\\\/wp-content\\\/uploads\\\/2026\\\/03\\\/cropped-logo-tof-678-530.png\",\"width\":200,\"height\":153,\"caption\":\"Tof Th\u00e9\u00e2tre\"},\"image\":{\"@id\":\"https:\\\/\\\/www.toftheatre.be\\\/page\\\/#\\\/schema\\\/logo\\\/image\\\/\"},\"sameAs\":[\"https:\\\/\\\/www.facebook.com\\\/toftheatre\",\"https:\\\/\\\/www.instagram.com\\\/tof_theatre\\\/\"]}]}<\/script>\n<!-- \/ Yoast SEO plugin. -->","yoast_head_json":{"title":"L'\u00e9quipe -","robots":{"index":"index","follow":"follow","max-snippet":"max-snippet:-1","max-image-preview":"max-image-preview:large","max-video-preview":"max-video-preview:-1"},"canonical":"https:\/\/www.toftheatre.be\/page\/lequipe\/","og_locale":"fr_FR","og_type":"article","og_title":"L'\u00e9quipe -","og_description":"&nbsp; Alain Moreau Direction artistique et g\u00e9n\u00e9rale &amp; mise en sc\u00e8ne des spectacles Catherine Blanjean Coordination financi\u00e8re et administrative My-Linh Bui D\u00e9veloppement de projets, programmation du Festival Maboule, diffusion des spectacles (Kurieuze &amp; Cies) Joachim Martens Assistant administratif Pascale Mahieu Production et d\u00e9veloppement de projets Ga\u00eblle Carlier Assistante de communication et diffusion Matthieu Chemin Direction&hellip;&nbsp;","og_url":"https:\/\/www.toftheatre.be\/page\/lequipe\/","article_publisher":"https:\/\/www.facebook.com\/toftheatre","article_modified_time":"2026-04-02T13:42:36+00:00","og_image":[{"width":678,"height":530,"url":"https:\/\/www.toftheatre.be\/page\/wp-content\/uploads\/2026\/03\/logo-tof-678-530.png","type":"image\/png"}],"twitter_card":"summary_large_image","schema":{"@context":"https:\/\/schema.org","@graph":[{"@type":"WebPage","@id":"https:\/\/www.toftheatre.be\/page\/lequipe\/","url":"https:\/\/www.toftheatre.be\/page\/lequipe\/","name":"L'\u00e9quipe -","isPartOf":{"@id":"https:\/\/www.toftheatre.be\/page\/#website"},"datePublished":"2026-04-02T11:49:35+00:00","dateModified":"2026-04-02T13:42:36+00:00","breadcrumb":{"@id":"https:\/\/www.toftheatre.be\/page\/lequipe\/#breadcrumb"},"inLanguage":"fr-BE","potentialAction":[{"@type":"ReadAction","target":["https:\/\/www.toftheatre.be\/page\/lequipe\/"]}]},{"@type":"BreadcrumbList","@id":"https:\/\/www.toftheatre.be\/page\/lequipe\/#breadcrumb","itemListElement":[{"@type":"ListItem","position":1,"name":"Accueil","item":"https:\/\/www.toftheatre.be\/page\/"},{"@type":"ListItem","position":2,"name":"L&rsquo;\u00e9quipe"}]},{"@type":"WebSite","@id":"https:\/\/www.toftheatre.be\/page\/#website","url":"https:\/\/www.toftheatre.be\/page\/","name":"Tof Th\u00e9\u00e2tre","description":"","publisher":{"@id":"https:\/\/www.toftheatre.be\/page\/#organization"},"potentialAction":[{"@type":"SearchAction","target":{"@type":"EntryPoint","urlTemplate":"https:\/\/www.toftheatre.be\/page\/?s={search_term_string}"},"query-input":{"@type":"PropertyValueSpecification","valueRequired":true,"valueName":"search_term_string"}}],"inLanguage":"fr-BE"},{"@type":"Organization","@id":"https:\/\/www.toftheatre.be\/page\/#organization","name":"Tof Th\u00e9\u00e2tre","url":"https:\/\/www.toftheatre.be\/page\/","logo":{"@type":"ImageObject","inLanguage":"fr-BE","@id":"https:\/\/www.toftheatre.be\/page\/#\/schema\/logo\/image\/","url":"https:\/\/www.toftheatre.be\/page\/wp-content\/uploads\/2026\/03\/cropped-logo-tof-678-530.png","contentUrl":"https:\/\/www.toftheatre.be\/page\/wp-content\/uploads\/2026\/03\/cropped-logo-tof-678-530.png","width":200,"height":153,"caption":"Tof Th\u00e9\u00e2tre"},"image":{"@id":"https:\/\/www.toftheatre.be\/page\/#\/schema\/logo\/image\/"},"sameAs":["https:\/\/www.facebook.com\/toftheatre","https:\/\/www.instagram.com\/tof_theatre\/"]}]}},"_links":{"self":[{"href":"https:\/\/www.toftheatre.be\/page\/wp-json\/wp\/v2\/pages\/1153","targetHints":{"allow":["GET"]}}],"collection":[{"href":"https:\/\/www.toftheatre.be\/page\/wp-json\/wp\/v2\/pages"}],"about":[{"href":"https:\/\/www.toftheatre.be\/page\/wp-json\/wp\/v2\/types\/page"}],"author":[{"embeddable":true,"href":"https:\/\/www.toftheatre.be\/page\/wp-json\/wp\/v2\/users\/1"}],"replies":[{"embeddable":true,"href":"https:\/\/www.toftheatre.be\/page\/wp-json\/wp\/v2\/comments?post=1153"}],"version-history":[{"count":2,"href":"https:\/\/www.toftheatre.be\/page\/wp-json\/wp\/v2\/pages\/1153\/revisions"}],"predecessor-version":[{"id":1237,"href":"https:\/\/www.toftheatre.be\/page\/wp-json\/wp\/v2\/pages\/1153\/revisions\/1237"}],"wp:attachment":[{"href":"https:\/\/www.toftheatre.be\/page\/wp-json\/wp\/v2\/media?parent=1153"}],"curies":[{"name":"wp","href":"https:\/\/api.w.org\/{rel}","templated":true}]}}