{"id":193,"date":"2026-03-12T13:46:15","date_gmt":"2026-03-12T13:46:15","guid":{"rendered":"https:\/\/www.toftheatre.be\/page\/?page_id=193"},"modified":"2026-04-02T13:43:20","modified_gmt":"2026-04-02T13:43:20","slug":"les-prix-du-tof","status":"publish","type":"page","link":"https:\/\/www.toftheatre.be\/page\/les-prix-du-tof\/","title":{"rendered":"Les prix du Tof"},"content":{"rendered":"<h2><span style=\"color: #ed0000;\"><br \/>L<span style=\"color: #eb6526;\">es <span style=\"color: #ed0000;\">p<\/span>rix <span style=\"color: #ed0000;\">d<\/span>u <span style=\"color: #ed0000;\">T<\/span>O<span style=\"color: #ed0000;\">F<\/span><\/span><\/span><\/h2>\n\n\n<p>2015<\/p>\n\n\n\n<h4 class=\"wp-block-heading\"><strong><mark style=\"background-color:rgba(0, 0, 0, 0)\" class=\"has-inline-color has-neve-link-color-color\">Dans l&rsquo;Atelier<\/mark><\/strong><\/h4>\n\n\n\n<p>Premi Drac d&rsquo;or de les autonomies \u00e0 la 26 \u00e8me Fira de Titelles de Lleida<\/p>\n\n\n\n<hr class=\"wp-block-separator has-alpha-channel-opacity\"\/>\n\n\n\n<p>2012<\/p>\n\n\n\n<h4 class=\"wp-block-heading\"><mark style=\"background-color:rgba(0, 0, 0, 0)\" class=\"has-inline-color has-neve-link-color-color\">Piccoli Sentimenti<\/mark><\/h4>\n\n\n\n<p>Nomin\u00e9 aux Prix de la Critique 2012 comme meilleur spectacle dans la cat\u00e9gorie \u00abJeune public\u00bb (Belgique).<br>Coup de coeur de la presse (Rencontres de Huy)<\/p>\n\n\n\n<hr class=\"wp-block-separator has-alpha-channel-opacity\"\/>\n\n\n\n<p>2011<\/p>\n\n\n\n<h4 class=\"wp-block-heading\"><mark style=\"background-color:rgba(0, 0, 0, 0)\" class=\"has-inline-color has-neve-link-color-color\">Piccoli Sentimenti<\/mark><\/h4>\n\n\n\n<p>Prix R\u00e9sonnances au 21i\u00e8me Festival International Jeune Public. Momix \u00e0 Kingersheim (France)<\/p>\n\n\n\n<hr class=\"wp-block-separator has-alpha-channel-opacity\"\/>\n\n\n\n<p>2010<\/p>\n\n\n\n<h4 class=\"wp-block-heading\"><mark style=\"background-color:rgba(0, 0, 0, 0)\" class=\"has-inline-color has-neve-link-color-color\">Sur la dune<\/mark><\/h4>\n\n\n\n<p>Nomin\u00e9 aux Prix de la Critique 2010 dans la cat\u00e9gorie Cr\u00e9ation artistique et technique.<\/p>\n\n\n\n<hr class=\"wp-block-separator has-alpha-channel-opacity\"\/>\n\n\n\n<p>2009<\/p>\n\n\n\n<h4 class=\"wp-block-heading\"><mark style=\"background-color:rgba(0, 0, 0, 0)\" class=\"has-inline-color has-neve-link-color-color\">Premiers pas sur la Dune<\/mark><\/h4>\n\n\n\n<p>Prix de la Ministre de la Culture et Coup de c\u0153ur de la presse (Rencontres de Huy)<\/p>\n\n\n\n<hr class=\"wp-block-separator has-alpha-channel-opacity\"\/>\n\n\n\n<p>2008<\/p>\n\n\n\n<h4 class=\"wp-block-heading\"><mark style=\"background-color:rgba(0, 0, 0, 0)\" class=\"has-inline-color has-neve-link-color-color\">Le grand retour<\/mark><\/h4>\n\n\n\n<p>M\u00e9daille d\u2019Or et du prix de la presse et du public au Festival International de Marionnettes de Hanoi (Vietnam)<\/p>\n\n\n\n<hr class=\"wp-block-separator has-alpha-channel-opacity\"\/>\n\n\n\n<p>2006<\/p>\n\n\n\n<h4 class=\"wp-block-heading\"><mark style=\"background-color:rgba(0, 0, 0, 0)\" class=\"has-inline-color has-neve-link-color-color\">A tout jamais ! \/ Lebwohl, bis Morgen !<\/mark><\/h4>\n\n\n\n<p>Theaterpreis \u00abJunges Publikum\u00bb en Allemagne<br>Mention Sp\u00e9ciale du jury au festival \u00abMomix\u00bb \u00e0 Kingersheim<\/p>\n\n\n\n<hr class=\"wp-block-separator has-alpha-channel-opacity\"\/>\n\n\n\n<p>2003<\/p>\n\n\n\n<h4 class=\"wp-block-heading\"><mark style=\"background-color:rgba(0, 0, 0, 0)\" class=\"has-inline-color has-neve-link-color-color\">A tout jamais ! \/ Lebwohl, bis Morgen !<\/mark><\/h4>\n\n\n\n<p>Coup de Coeur de la Presse et Prix du Ministre de la petite enfance et de l\u2019enseignement fondamental aux Rencontres Th\u00e9\u00e2tre Jeune Public \u00e0 Huy<\/p>\n\n\n\n<hr class=\"wp-block-separator has-alpha-channel-opacity\"\/>\n\n\n\n<p>2002<\/p>\n\n\n\n<h4 class=\"wp-block-heading\"><mark style=\"background-color:rgba(0, 0, 0, 0)\" class=\"has-inline-color has-neve-link-color-color\">Le Petit Bazar Erotik<\/mark><\/h4>\n\n\n\n<p>Prix \u00abAplaudiment Internacional Joan German Schro\u00ebder\u00bb 2002 \u00e0 Barcelone<br>Prix du meilleur spectacle \u00e9tranger de la saison en Catalogne.<\/p>\n\n\n\n<hr class=\"wp-block-separator has-alpha-channel-opacity\"\/>\n\n\n\n<p>1999<\/p>\n\n\n\n<h4 class=\"wp-block-heading\"><mark style=\"background-color:rgba(0, 0, 0, 0)\" class=\"has-inline-color has-neve-link-color-color\">Patraque<\/mark><\/h4>\n\n\n\n<p>Prim\u00e9 aux Rencontres\/S\u00e9lections de Huy \u201899 : Mention Sp\u00e9ciale du Jury pour \u00able travail d\u2019orf\u00e8vre sur l\u2019\u00e9motion et la retranscription du quotidien\u00bb et Coup de coeur de la Presse.<\/p>\n\n\n\n<hr class=\"wp-block-separator has-alpha-channel-opacity\"\/>\n\n\n\n<p>1998<\/p>\n\n\n\n<h4 class=\"wp-block-heading\"><mark style=\"background-color:rgba(0, 0, 0, 0)\" class=\"has-inline-color has-neve-link-color-color\">Cabane<\/mark><\/h4>\n\n\n\n<p>Grand Prix du Jury au Festival International de la marionnette et formes anim\u00e9es de Cannes en 1998.<\/p>\n\n\n\n<hr class=\"wp-block-separator has-alpha-channel-opacity\"\/>\n\n\n\n<p>1995<\/p>\n\n\n\n<h4 class=\"wp-block-heading\"><mark style=\"background-color:rgba(0, 0, 0, 0)\" class=\"has-inline-color has-neve-link-color-color\">Cabane<\/mark><\/h4>\n\n\n\n<p>Prim\u00e9 aux Rencontres\/S\u00e9lections de Huy \u201995 : Prix du Ministre de la Culture, Prix de la Ville de Huy, Coup de Foudre de la Presse, Mention Sp\u00e9ciale du Jury.<\/p>\n\n\n\n<hr class=\"wp-block-separator has-alpha-channel-opacity\"\/>\n\n\n\n<p>1992<\/p>\n\n\n\n<h4 class=\"wp-block-heading\"><mark style=\"background-color:rgba(0, 0, 0, 0)\" class=\"has-inline-color has-neve-link-color-color\">Camping sauvage<\/mark><\/h4>\n\n\n\n<p>Coup de Coeur de la Presse, Prix \u00abPierre Thonon\u00bb et Mention Sp\u00e9ciale du Jury pour le travail d\u2019orf\u00e8vre sur l\u2019\u00e9motion aux Rencontres\/S\u00e9lections de Huy \u201892.<\/p>\n\n\n\n<p><\/p>\n","protected":false},"excerpt":{"rendered":"<p>Les prix du TOF 2015 Dans l&rsquo;Atelier Premi Drac d&rsquo;or de les autonomies \u00e0 la 26 \u00e8me Fira de Titelles de Lleida 2012 Piccoli Sentimenti Nomin\u00e9 aux Prix de la Critique 2012 comme meilleur spectacle dans la cat\u00e9gorie \u00abJeune public\u00bb (Belgique).Coup de coeur de la presse (Rencontres de Huy) 2011 Piccoli Sentimenti Prix R\u00e9sonnances au&hellip;&nbsp;<\/p>\n","protected":false},"author":1,"featured_media":0,"parent":0,"menu_order":0,"comment_status":"closed","ping_status":"closed","template":"","meta":{"neve_meta_sidebar":"","neve_meta_container":"","neve_meta_enable_content_width":"","neve_meta_content_width":0,"neve_meta_title_alignment":"","neve_meta_author_avatar":"","neve_post_elements_order":"","neve_meta_disable_header":"","neve_meta_disable_footer":"","neve_meta_disable_title":"","footnotes":""},"class_list":["post-193","page","type-page","status-publish","hentry"],"yoast_head":"<!-- This site is optimized with the Yoast SEO plugin v27.3 - https:\/\/yoast.com\/product\/yoast-seo-wordpress\/ -->\n<title>Les prix du Tof -<\/title>\n<meta name=\"robots\" content=\"index, follow, max-snippet:-1, max-image-preview:large, max-video-preview:-1\" \/>\n<link rel=\"canonical\" href=\"https:\/\/www.toftheatre.be\/page\/les-prix-du-tof\/\" \/>\n<meta property=\"og:locale\" content=\"fr_FR\" \/>\n<meta property=\"og:type\" content=\"article\" \/>\n<meta property=\"og:title\" content=\"Les prix du Tof -\" \/>\n<meta property=\"og:description\" content=\"Les prix du TOF 2015 Dans l&rsquo;Atelier Premi Drac d&rsquo;or de les autonomies \u00e0 la 26 \u00e8me Fira de Titelles de Lleida 2012 Piccoli Sentimenti Nomin\u00e9 aux Prix de la Critique 2012 comme meilleur spectacle dans la cat\u00e9gorie \u00abJeune public\u00bb (Belgique).Coup de coeur de la presse (Rencontres de Huy) 2011 Piccoli Sentimenti Prix R\u00e9sonnances au&hellip;&nbsp;\" \/>\n<meta property=\"og:url\" content=\"https:\/\/www.toftheatre.be\/page\/les-prix-du-tof\/\" \/>\n<meta property=\"article:publisher\" content=\"https:\/\/www.facebook.com\/toftheatre\" \/>\n<meta property=\"article:modified_time\" content=\"2026-04-02T13:43:20+00:00\" \/>\n<meta property=\"og:image\" content=\"https:\/\/www.toftheatre.be\/page\/wp-content\/uploads\/2026\/03\/logo-tof-678-530.png\" \/>\n\t<meta property=\"og:image:width\" content=\"678\" \/>\n\t<meta property=\"og:image:height\" content=\"530\" \/>\n\t<meta property=\"og:image:type\" content=\"image\/png\" \/>\n<meta name=\"twitter:card\" content=\"summary_large_image\" \/>\n<meta name=\"twitter:label1\" content=\"Dur\u00e9e de lecture est.\" \/>\n\t<meta name=\"twitter:data1\" content=\"2 minutes\" \/>\n<script type=\"application\/ld+json\" class=\"yoast-schema-graph\">{\"@context\":\"https:\\\/\\\/schema.org\",\"@graph\":[{\"@type\":\"WebPage\",\"@id\":\"https:\\\/\\\/www.toftheatre.be\\\/page\\\/les-prix-du-tof\\\/\",\"url\":\"https:\\\/\\\/www.toftheatre.be\\\/page\\\/les-prix-du-tof\\\/\",\"name\":\"Les prix du Tof -\",\"isPartOf\":{\"@id\":\"https:\\\/\\\/www.toftheatre.be\\\/page\\\/#website\"},\"datePublished\":\"2026-03-12T13:46:15+00:00\",\"dateModified\":\"2026-04-02T13:43:20+00:00\",\"breadcrumb\":{\"@id\":\"https:\\\/\\\/www.toftheatre.be\\\/page\\\/les-prix-du-tof\\\/#breadcrumb\"},\"inLanguage\":\"fr-BE\",\"potentialAction\":[{\"@type\":\"ReadAction\",\"target\":[\"https:\\\/\\\/www.toftheatre.be\\\/page\\\/les-prix-du-tof\\\/\"]}]},{\"@type\":\"BreadcrumbList\",\"@id\":\"https:\\\/\\\/www.toftheatre.be\\\/page\\\/les-prix-du-tof\\\/#breadcrumb\",\"itemListElement\":[{\"@type\":\"ListItem\",\"position\":1,\"name\":\"Accueil\",\"item\":\"https:\\\/\\\/www.toftheatre.be\\\/page\\\/\"},{\"@type\":\"ListItem\",\"position\":2,\"name\":\"Les prix du Tof\"}]},{\"@type\":\"WebSite\",\"@id\":\"https:\\\/\\\/www.toftheatre.be\\\/page\\\/#website\",\"url\":\"https:\\\/\\\/www.toftheatre.be\\\/page\\\/\",\"name\":\"Tof Th\u00e9\u00e2tre\",\"description\":\"\",\"publisher\":{\"@id\":\"https:\\\/\\\/www.toftheatre.be\\\/page\\\/#organization\"},\"potentialAction\":[{\"@type\":\"SearchAction\",\"target\":{\"@type\":\"EntryPoint\",\"urlTemplate\":\"https:\\\/\\\/www.toftheatre.be\\\/page\\\/?s={search_term_string}\"},\"query-input\":{\"@type\":\"PropertyValueSpecification\",\"valueRequired\":true,\"valueName\":\"search_term_string\"}}],\"inLanguage\":\"fr-BE\"},{\"@type\":\"Organization\",\"@id\":\"https:\\\/\\\/www.toftheatre.be\\\/page\\\/#organization\",\"name\":\"Tof Th\u00e9\u00e2tre\",\"url\":\"https:\\\/\\\/www.toftheatre.be\\\/page\\\/\",\"logo\":{\"@type\":\"ImageObject\",\"inLanguage\":\"fr-BE\",\"@id\":\"https:\\\/\\\/www.toftheatre.be\\\/page\\\/#\\\/schema\\\/logo\\\/image\\\/\",\"url\":\"https:\\\/\\\/www.toftheatre.be\\\/page\\\/wp-content\\\/uploads\\\/2026\\\/03\\\/cropped-logo-tof-678-530.png\",\"contentUrl\":\"https:\\\/\\\/www.toftheatre.be\\\/page\\\/wp-content\\\/uploads\\\/2026\\\/03\\\/cropped-logo-tof-678-530.png\",\"width\":200,\"height\":153,\"caption\":\"Tof Th\u00e9\u00e2tre\"},\"image\":{\"@id\":\"https:\\\/\\\/www.toftheatre.be\\\/page\\\/#\\\/schema\\\/logo\\\/image\\\/\"},\"sameAs\":[\"https:\\\/\\\/www.facebook.com\\\/toftheatre\",\"https:\\\/\\\/www.instagram.com\\\/tof_theatre\\\/\"]}]}<\/script>\n<!-- \/ Yoast SEO plugin. -->","yoast_head_json":{"title":"Les prix du Tof -","robots":{"index":"index","follow":"follow","max-snippet":"max-snippet:-1","max-image-preview":"max-image-preview:large","max-video-preview":"max-video-preview:-1"},"canonical":"https:\/\/www.toftheatre.be\/page\/les-prix-du-tof\/","og_locale":"fr_FR","og_type":"article","og_title":"Les prix du Tof -","og_description":"Les prix du TOF 2015 Dans l&rsquo;Atelier Premi Drac d&rsquo;or de les autonomies \u00e0 la 26 \u00e8me Fira de Titelles de Lleida 2012 Piccoli Sentimenti Nomin\u00e9 aux Prix de la Critique 2012 comme meilleur spectacle dans la cat\u00e9gorie \u00abJeune public\u00bb (Belgique).Coup de coeur de la presse (Rencontres de Huy) 2011 Piccoli Sentimenti Prix R\u00e9sonnances au&hellip;&nbsp;","og_url":"https:\/\/www.toftheatre.be\/page\/les-prix-du-tof\/","article_publisher":"https:\/\/www.facebook.com\/toftheatre","article_modified_time":"2026-04-02T13:43:20+00:00","og_image":[{"width":678,"height":530,"url":"https:\/\/www.toftheatre.be\/page\/wp-content\/uploads\/2026\/03\/logo-tof-678-530.png","type":"image\/png"}],"twitter_card":"summary_large_image","twitter_misc":{"Dur\u00e9e de lecture est.":"2 minutes"},"schema":{"@context":"https:\/\/schema.org","@graph":[{"@type":"WebPage","@id":"https:\/\/www.toftheatre.be\/page\/les-prix-du-tof\/","url":"https:\/\/www.toftheatre.be\/page\/les-prix-du-tof\/","name":"Les prix du Tof -","isPartOf":{"@id":"https:\/\/www.toftheatre.be\/page\/#website"},"datePublished":"2026-03-12T13:46:15+00:00","dateModified":"2026-04-02T13:43:20+00:00","breadcrumb":{"@id":"https:\/\/www.toftheatre.be\/page\/les-prix-du-tof\/#breadcrumb"},"inLanguage":"fr-BE","potentialAction":[{"@type":"ReadAction","target":["https:\/\/www.toftheatre.be\/page\/les-prix-du-tof\/"]}]},{"@type":"BreadcrumbList","@id":"https:\/\/www.toftheatre.be\/page\/les-prix-du-tof\/#breadcrumb","itemListElement":[{"@type":"ListItem","position":1,"name":"Accueil","item":"https:\/\/www.toftheatre.be\/page\/"},{"@type":"ListItem","position":2,"name":"Les prix du Tof"}]},{"@type":"WebSite","@id":"https:\/\/www.toftheatre.be\/page\/#website","url":"https:\/\/www.toftheatre.be\/page\/","name":"Tof Th\u00e9\u00e2tre","description":"","publisher":{"@id":"https:\/\/www.toftheatre.be\/page\/#organization"},"potentialAction":[{"@type":"SearchAction","target":{"@type":"EntryPoint","urlTemplate":"https:\/\/www.toftheatre.be\/page\/?s={search_term_string}"},"query-input":{"@type":"PropertyValueSpecification","valueRequired":true,"valueName":"search_term_string"}}],"inLanguage":"fr-BE"},{"@type":"Organization","@id":"https:\/\/www.toftheatre.be\/page\/#organization","name":"Tof Th\u00e9\u00e2tre","url":"https:\/\/www.toftheatre.be\/page\/","logo":{"@type":"ImageObject","inLanguage":"fr-BE","@id":"https:\/\/www.toftheatre.be\/page\/#\/schema\/logo\/image\/","url":"https:\/\/www.toftheatre.be\/page\/wp-content\/uploads\/2026\/03\/cropped-logo-tof-678-530.png","contentUrl":"https:\/\/www.toftheatre.be\/page\/wp-content\/uploads\/2026\/03\/cropped-logo-tof-678-530.png","width":200,"height":153,"caption":"Tof Th\u00e9\u00e2tre"},"image":{"@id":"https:\/\/www.toftheatre.be\/page\/#\/schema\/logo\/image\/"},"sameAs":["https:\/\/www.facebook.com\/toftheatre","https:\/\/www.instagram.com\/tof_theatre\/"]}]}},"_links":{"self":[{"href":"https:\/\/www.toftheatre.be\/page\/wp-json\/wp\/v2\/pages\/193","targetHints":{"allow":["GET"]}}],"collection":[{"href":"https:\/\/www.toftheatre.be\/page\/wp-json\/wp\/v2\/pages"}],"about":[{"href":"https:\/\/www.toftheatre.be\/page\/wp-json\/wp\/v2\/types\/page"}],"author":[{"embeddable":true,"href":"https:\/\/www.toftheatre.be\/page\/wp-json\/wp\/v2\/users\/1"}],"replies":[{"embeddable":true,"href":"https:\/\/www.toftheatre.be\/page\/wp-json\/wp\/v2\/comments?post=193"}],"version-history":[{"count":9,"href":"https:\/\/www.toftheatre.be\/page\/wp-json\/wp\/v2\/pages\/193\/revisions"}],"predecessor-version":[{"id":1239,"href":"https:\/\/www.toftheatre.be\/page\/wp-json\/wp\/v2\/pages\/193\/revisions\/1239"}],"wp:attachment":[{"href":"https:\/\/www.toftheatre.be\/page\/wp-json\/wp\/v2\/media?parent=193"}],"curies":[{"name":"wp","href":"https:\/\/api.w.org\/{rel}","templated":true}]}}