{"id":479,"date":"2026-03-16T15:10:26","date_gmt":"2026-03-16T15:10:26","guid":{"rendered":"https:\/\/www.toftheatre.be\/page\/?page_id=479"},"modified":"2026-03-31T07:57:46","modified_gmt":"2026-03-31T07:57:46","slug":"keur-mame-boye","status":"publish","type":"page","link":"https:\/\/www.toftheatre.be\/page\/keur-mame-boye\/","title":{"rendered":"Keur Mame Boye"},"content":{"rendered":"\n<div class=\"wp-block-cover alignfull\" style=\"min-height:579px;aspect-ratio:unset;\"><img loading=\"lazy\" decoding=\"async\" width=\"1024\" height=\"438\" class=\"wp-block-cover__image-background wp-image-510 size-large\" alt=\"\" src=\"https:\/\/www.toftheatre.be\/page\/wp-content\/uploads\/2026\/03\/BB-banniere-1-1024x438.jpg\" data-object-fit=\"cover\" srcset=\"https:\/\/www.toftheatre.be\/page\/wp-content\/uploads\/2026\/03\/BB-banniere-1-1024x438.jpg 1024w, https:\/\/www.toftheatre.be\/page\/wp-content\/uploads\/2026\/03\/BB-banniere-1-300x128.jpg 300w, https:\/\/www.toftheatre.be\/page\/wp-content\/uploads\/2026\/03\/BB-banniere-1-768x328.jpg 768w, https:\/\/www.toftheatre.be\/page\/wp-content\/uploads\/2026\/03\/BB-banniere-1.jpg 1170w\" sizes=\"auto, (max-width: 1024px) 100vw, 1024px\" \/><span aria-hidden=\"true\" class=\"wp-block-cover__background has-background-dim-0 has-background-dim\"><\/span><div class=\"wp-block-cover__inner-container is-layout-flow wp-block-cover-is-layout-flow\">\n<div class=\"wp-block-columns are-vertically-aligned-center is-layout-flex wp-container-core-columns-is-layout-9d6595d7 wp-block-columns-is-layout-flex\">\n<div class=\"wp-block-column is-vertically-aligned-center is-layout-flow wp-block-column-is-layout-flow\" style=\"padding-right:var(--wp--preset--spacing--20);padding-left:var(--wp--preset--spacing--20);flex-basis:60%\">\n<p><\/p>\n\n\n\n<p><\/p>\n\n\n\n<h1><span style=\"color: #ed0000;\">K<span style=\"color: #eb6526;\">eur<\/span> M<span style=\"color: #eb6526;\">ame<\/span> B<span style=\"color: #eb6526;\">oye<\/span><\/span><\/h1>\n\n\n\n<h4 class=\"wp-block-heading has-text-align-left\">Marionnettes et objets sans parole <br><br>Pour la rue ou la salle <br><br>Tout public \u00e0 partir de 5 ans<\/h4>\n<\/div>\n\n\n\n<div class=\"wp-block-column is-layout-flow wp-block-column-is-layout-flow\" style=\"flex-basis:50%\"><div class=\"wp-block-image\">\n<figure class=\"aligncenter size-full is-resized\"><img loading=\"lazy\" decoding=\"async\" width=\"500\" height=\"651\" src=\"https:\/\/www.toftheatre.be\/page\/wp-content\/uploads\/2026\/03\/KMB-avant-plan.png\" alt=\"\" class=\"wp-image-484\" style=\"aspect-ratio:0.7680522929220713;width:729px;height:auto\" srcset=\"https:\/\/www.toftheatre.be\/page\/wp-content\/uploads\/2026\/03\/KMB-avant-plan.png 500w, https:\/\/www.toftheatre.be\/page\/wp-content\/uploads\/2026\/03\/KMB-avant-plan-230x300.png 230w\" sizes=\"auto, (max-width: 500px) 100vw, 500px\" \/><\/figure>\n<\/div><\/div>\n<\/div>\n<\/div><\/div>\n\n\n\n<div class=\"wp-block-columns is-layout-flex wp-container-core-columns-is-layout-9d6595d7 wp-block-columns-is-layout-flex\">\n<div class=\"wp-block-column is-layout-flow wp-block-column-is-layout-flow\"><div class=\"wp-block-image\">\n<figure class=\"aligncenter size-large\"><a href=\"https:\/\/kurieuze.net\/evenement\/?spectacle_id=2425&amp;comp=\" target=\"_blank\" rel=\" noreferrer noopener\"><img decoding=\"async\" src=\"https:\/\/www.toftheatre.be\/page\/wp-content\/uploads\/2026\/03\/agenda-2.png\" alt=\"\"\/><\/a><\/figure>\n<\/div><\/div>\n\n\n\n<div class=\"wp-block-column is-layout-flow wp-block-column-is-layout-flow\"><div class=\"wp-block-image\">\n<figure class=\"aligncenter size-large\"><a href=\"#slide-BB\"><img decoding=\"async\" src=\"https:\/\/www.toftheatre.be\/page\/wp-content\/uploads\/2026\/03\/photos-2.png\" alt=\"\"\/><\/a><\/figure>\n<\/div><\/div>\n\n\n\n<div class=\"wp-block-column is-layout-flow wp-block-column-is-layout-flow\"><div class=\"wp-block-image\">\n<figure class=\"aligncenter size-large\"><a href=\"https:\/\/www.toftheatre.be\/page\/3d-flip-book\/kmb-dossier\/\" target=\"_blank\" rel=\" noreferrer noopener\"><img decoding=\"async\" src=\"https:\/\/www.toftheatre.be\/page\/wp-content\/uploads\/2026\/03\/dossier-2.png\" alt=\"\"\/><\/a><\/figure>\n<\/div><\/div>\n\n\n\n<div class=\"wp-block-column is-layout-flow wp-block-column-is-layout-flow\"><div class=\"wp-block-image\">\n<figure class=\"aligncenter size-large\"><a href=\"https:\/\/kurieuze.net\/wp-content\/uploads\/2025\/07\/Keur-FT-10-2025-1.pdf\" target=\"_blank\" rel=\" noreferrer noopener\"><img decoding=\"async\" src=\"https:\/\/www.toftheatre.be\/page\/wp-content\/uploads\/2026\/03\/infos-techniques-2.png\" alt=\"\"\/><\/a><\/figure>\n<\/div><\/div>\n<\/div>\n\n\n\n<hr class=\"wp-block-separator has-alpha-channel-opacity\"\/>\n\n\n\n<h3 class=\"wp-block-heading has-text-align-center\"><em><mark style=\"background-color:rgba(0, 0, 0, 0)\" class=\"has-inline-color has-neve-text-color-color\">Mame Boye nous convie dans sa boutique. Avec humour, malice et quelques marionnettes et objets bricol\u00e9s, la vieille femme donne \u00e0 sa mani\u00e8re\u2026 des conseils d\u2019hygi\u00e8ne dentaire.<br>Les caries n\u2019ont qu\u2019\u00e0 bien se tenir !<\/mark><\/em><\/h3>\n\n\n\n<hr class=\"wp-block-separator has-alpha-channel-opacity\"\/>\n\n\n\n<h2 class=\"wp-block-heading\"><mark style=\"background-color:rgba(0, 0, 0, 0)\" class=\"has-inline-color has-nv-c-1-color\">T<\/mark><mark style=\"background-color:rgba(0, 0, 0, 0)\" class=\"has-inline-color has-neve-link-color-color\">easer<\/mark><\/h2>\n\n\n<p><iframe loading=\"lazy\" src=\"https:\/\/toftheatre.be\/video\/kmb_t\/kmb_t.mp4\" width=\"1170\" height=\"700\" allow=\"fullscreen\"><\/iframe><\/p>\n\n\n<hr class=\"wp-block-separator has-alpha-channel-opacity\"\/>\n\n\n\n<p>Keur Mame Boye est un spectacle de th\u00e9\u00e2tre de marionnette cr\u00e9\u00e9 par le TOF Th\u00e9\u00e2tre avec des jeunes artistes s\u00e9n\u00e9galaises du projet <a href=\"https:\/\/djarama.ong\/project\/compagnie-yaakart\/\">Yaak\u2018art<\/a> \/ <a href=\"https:\/\/djarama.ong\/\" data-type=\"link\" data-id=\"https:\/\/djarama.ong\/\">Cie DJARAMA<\/a> \u00e0 Toubab Dialaw, soutenu par la CITF et le WBI. Il s\u2019inscrit dans une vision plus large de d\u2019enracinement du th\u00e9\u00e2tre jeune public au S\u00e9n\u00e9gal. Spectacle con\u00e7u par Alain MoreauKeur Mame Boye est un spectacle de th\u00e9\u00e2tre de marionnette cr\u00e9\u00e9 par le TOF Th\u00e9\u00e2tre avec des jeunes artistes s\u00e9n\u00e9galaises du projet Yaak\u2018art \/ Cie DJARAMA \u00e0 Toubab Dialaw, soutenu par la CITF et le WBI. Il s\u2019inscrit dans une vision plus large de d\u2019enracinement du th\u00e9\u00e2tre jeune public au S\u00e9n\u00e9gal.<\/p>\n\n\n\n<h2 class=\"wp-block-heading\"><mark style=\"background-color:rgba(0, 0, 0, 0)\" class=\"has-inline-color has-nv-c-2-color\">D<\/mark><mark style=\"background-color:rgba(0, 0, 0, 0)\" class=\"has-inline-color has-neve-link-color-color\">istribution<\/mark><\/h2>\n\n\n\n<p><strong>Id\u00e9ation et Sc\u00e9nographie :<\/strong>&nbsp;Alain Moreau et Nicolas Laine<\/p>\n\n\n\n<p><strong>Mise en sc\u00e8ne :<\/strong>&nbsp;Alain Moreau assist\u00e9 de Nicolas Laine et Sandrine Hooge<\/p>\n\n\n\n<p><strong>Accompagnement artistique :<\/strong>&nbsp;Mamby Mawine<\/p>\n\n\n\n<p><strong>R\u00e9alisation des marionnettes et des accessoires :<\/strong>&nbsp;Alain Moreau assist\u00e9 de Nicolas Laine<\/p>\n\n\n\n<p><strong>Jeu :<\/strong>&nbsp;Astou Ndiaye et Seynabou Faye<\/p>\n\n\n\n<p><strong>R\u00e9gie<\/strong>&nbsp;: Amaury Bertels<\/p>\n\n\n\n<p><strong>Production&nbsp;<\/strong>: TOF Th\u00e9\u00e2tre (Pascale Mahieu) et DJARAMA (Olivier Guillochon)<\/p>\n\n\n\n<p><strong>Diffusion :&nbsp;<\/strong>My-Linh Bui<\/p>\n\n\n\n<p><strong>Coproductions :<\/strong><br>Les Sages Fous (Canada \u2013 Trois rivi\u00e8res, South Miller), avec l\u2019aide du WBI coop\u00e9ration bilat\u00e9rale et mobilit\u00e9 et de la CITF. Avec le soutien de la Maison internationale des arts de la marionnette (MIAM) de Montreal, l\u2019\u00e9cole du Dialaw \u00e0 Ndayane, laD\u00e9l\u00e9gation Wallonie-Bruxelles de Dakar.<\/p>\n\n\n\n<p><strong>Photos : <\/strong>Fran\u00e7ois Fogel, Jean Jacques Commien, Patrick Argirakis, Cathy Debrun<\/p>\n\n\n\n<hr class=\"wp-block-separator has-alpha-channel-opacity\" id=\"slide-BB\"\/>\n\n\n\n\n\n\n<p><\/p>\n\n\n\n<p><\/p>\n\n\n\n<hr class=\"wp-block-separator has-alpha-channel-opacity\" id=\"dossier\"\/>\n\n\n<div class=\"_3d-flip-book  fb3d-fullscreen-mode full-size\" data-id=\"488\" data-mode=\"fullscreen\" data-title=\"false\" data-template=\"short-white-book-view\" data-lightbox=\"dark-shadow\" data-urlparam=\"fb3d-page\" data-page-n=\"0\" data-pdf=\"\" data-tax=\"null\" data-thumbnail=\"\" data-cols=\"3\" data-book-template=\"default\" data-trigger=\"\"><\/div><script type=\"text\/javascript\">window.FB3D_CLIENT_DATA = window.FB3D_CLIENT_DATA || [];FB3D_CLIENT_DATA.push('eyJwb3N0cyI6eyI0ODgiOnsiSUQiOjQ4OCwidGl0bGUiOiJLTUIgRG9zc2llciIsInR5cGUiOiJwZGYiLCJyZWFkeV9mdW5jdGlvbiI6IiIsImJvb2tfc3R5bGUiOiJmbGF0IiwiYm9va190ZW1wbGF0ZSI6Im5vbmUiLCJvdXRsaW5lIjpbXSwiZGF0YSI6eyJwb3N0X0lEIjoiNDkyIiwiZ3VpZCI6Imh0dHA6XC9cL3d3dy50b2Z0aGVhdHJlLmJlXC9wYWdlXC93cC1jb250ZW50XC91cGxvYWRzXC8yMDI2XC8wM1wvRG9zc2llci1LZXVyLU1hbWUtQm95ZS5wZGYiLCJwZGZfcGFnZXMiOiIxNiIsInBhZ2VzX2N1c3RvbWl6YXRpb24iOiJub25lIn0sInRodW1ibmFpbCI6eyJkYXRhIjp7InBvc3RfSUQiOiIwIn0sInR5cGUiOiJhdXRvIn0sInByb3BzIjp7ImJhY2tncm91bmRDb2xvciI6ImF1dG8iLCJiYWNrZ3JvdW5kSW1hZ2UiOiJhdXRvIiwiYmFja2dyb3VuZFN0eWxlIjoiYXV0byIsImhpZ2hsaWdodExpbmtzIjoiYXV0byIsImxpZ2h0aW5nIjoiYXV0byIsInNpbmdsZVBhZ2VNb2RlIjoiYXV0byIsImNhY2hlZFBhZ2VzIjoiYXV0byIsInJlbmRlckluYWN0aXZlUGFnZXMiOiJhdXRvIiwicmVuZGVySW5hY3RpdmVQYWdlc09uTW9iaWxlIjoiYXV0byIsInJlbmRlcldoaWxlRmxpcHBpbmciOiJhdXRvIiwicHJlbG9hZFBhZ2VzIjoiYXV0byIsImF1dG9QbGF5RHVyYXRpb24iOiJhdXRvIiwicnRsIjoiYXV0byIsImludGVyYWN0aXZlQ29ybmVycyI6ImF1dG8iLCJtYXhEZXB0aCI6ImF1dG8iLCJzaGVldCI6eyJzdGFydFZlbG9jaXR5IjoiYXV0byIsIndhdmUiOiJhdXRvIiwic2hhcGUiOiJhdXRvIiwid2lkdGhUZXhlbHMiOiJhdXRvIiwiY29sb3IiOiJhdXRvIiwic2lkZSI6ImF1dG8iLCJzdHJldGNoSW1hZ2VzIjoiYXV0byIsImNvcm5lckRldmlhdGlvbiI6ImF1dG8iLCJmbGV4aWJpbGl0eSI6ImF1dG8iLCJmbGV4aWJsZUNvcm5lciI6ImF1dG8iLCJiZW5kaW5nIjoiYXV0byIsImhlaWdodFRleGVscyI6ImF1dG8ifSwiY292ZXIiOnsid2F2ZSI6ImF1dG8iLCJjb2xvciI6ImF1dG8iLCJzaWRlIjoiYXV0byIsInN0cmV0Y2hJbWFnZXMiOiJhdXRvIiwiYmluZGVyVGV4dHVyZSI6ImF1dG8iLCJkZXB0aCI6ImF1dG8iLCJwYWRkaW5nIjoiYXV0byIsInN0YXJ0VmVsb2NpdHkiOiJhdXRvIiwiZmxleGliaWxpdHkiOiJhdXRvIiwiZmxleGlibGVDb3JuZXIiOiJhdXRvIiwiYmVuZGluZyI6ImF1dG8iLCJ3aWR0aFRleGVscyI6ImF1dG8iLCJoZWlnaHRUZXhlbHMiOiJhdXRvIiwibWFzcyI6ImF1dG8iLCJzaGFwZSI6ImF1dG8ifSwicGFnZSI6eyJ3YXZlIjoiYXV0byIsImNvbG9yIjoiYXV0byIsInNpZGUiOiJhdXRvIiwic3RyZXRjaEltYWdlcyI6ImF1dG8iLCJkZXB0aCI6ImF1dG8iLCJzdGFydFZlbG9jaXR5IjoiYXV0byIsImZsZXhpYmlsaXR5IjoiYXV0byIsImZsZXhpYmxlQ29ybmVyIjoiYXV0byIsImJlbmRpbmciOiJhdXRvIiwid2lkdGhUZXhlbHMiOiJhdXRvIiwiaGVpZ2h0VGV4ZWxzIjoiYXV0byIsIm1hc3MiOiJhdXRvIiwic2hhcGUiOiJhdXRvIn0sImhlaWdodCI6ImF1dG8iLCJ3aWR0aCI6ImF1dG8iLCJncmF2aXR5IjoiYXV0byIsInBhZ2VzRm9yUHJlZGljdGluZyI6ImF1dG8ifSwiY29udHJvbFByb3BzIjp7ImFjdGlvbnMiOnsiY21kVG9jIjp7ImVuYWJsZWQiOiJhdXRvIiwiZW5hYmxlZEluTmFycm93IjoiYXV0byIsImFjdGl2ZSI6ImF1dG8iLCJkZWZhdWx0VGFiIjoiYXV0byJ9LCJjbWRBdXRvUGxheSI6eyJlbmFibGVkIjoiYXV0byIsImVuYWJsZWRJbk5hcnJvdyI6ImF1dG8iLCJhY3RpdmUiOiJhdXRvIn0sImNtZFNhdmUiOnsiZW5hYmxlZCI6ImF1dG8iLCJlbmFibGVkSW5OYXJyb3ciOiJhdXRvIn0sImNtZFByaW50Ijp7ImVuYWJsZWQiOiJhdXRvIiwiZW5hYmxlZEluTmFycm93IjoiYXV0byJ9LCJjbWRTaW5nbGVQYWdlIjp7ImVuYWJsZWQiOiJhdXRvIiwiZW5hYmxlZEluTmFycm93IjoiYXV0byIsImFjdGl2ZSI6ImF1dG8iLCJhY3RpdmVGb3JNb2JpbGUiOiJhdXRvIn0sIndpZFRvb2xiYXIiOnsiZW5hYmxlZCI6ImF1dG8iLCJlbmFibGVkSW5OYXJyb3ciOiJhdXRvIn19fSwiYXV0b1RodW1ibmFpbCI6Imh0dHBzOlwvXC93d3cudG9mdGhlYXRyZS5iZVwvcGFnZVwvd3AtY29udGVudFwvdXBsb2Fkc1wvM2QtZmxpcC1ib29rXC9hdXRvLXRodW1ibmFpbHNcLzQ4OC5wbmciLCJwb3N0X25hbWUiOiJrbWItZG9zc2llciIsInBvc3RfdHlwZSI6IjNkLWZsaXAtYm9vayJ9fSwicGFnZXMiOltdLCJmaXJzdFBhZ2VzIjpbXX0=');window.FB3D_CLIENT_LOCALE && FB3D_CLIENT_LOCALE.render && FB3D_CLIENT_LOCALE.render();<\/script>\n\n\n\n<p><\/p>\n","protected":false},"excerpt":{"rendered":"<p>Mame Boye nous convie dans sa boutique. Avec humour, malice et quelques marionnettes et objets bricol\u00e9s, la vieille femme donne \u00e0 sa mani\u00e8re\u2026 des conseils d\u2019hygi\u00e8ne dentaire.Les caries n\u2019ont qu\u2019\u00e0 bien se tenir ! Teaser Keur Mame Boye est un spectacle de th\u00e9\u00e2tre de marionnette cr\u00e9\u00e9 par le TOF Th\u00e9\u00e2tre avec des jeunes artistes s\u00e9n\u00e9galaises&hellip;&nbsp;<\/p>\n","protected":false},"author":1,"featured_media":497,"parent":0,"menu_order":0,"comment_status":"closed","ping_status":"closed","template":"","meta":{"neve_meta_sidebar":"","neve_meta_container":"default","neve_meta_enable_content_width":"on","neve_meta_content_width":100,"neve_meta_title_alignment":"","neve_meta_author_avatar":"","neve_post_elements_order":"","neve_meta_disable_header":"","neve_meta_disable_footer":"","neve_meta_disable_title":"","footnotes":""},"class_list":["post-479","page","type-page","status-publish","has-post-thumbnail","hentry"],"yoast_head":"<!-- This site is optimized with the Yoast SEO plugin v27.3 - https:\/\/yoast.com\/product\/yoast-seo-wordpress\/ -->\n<title>Keur Mame Boye -<\/title>\n<meta name=\"robots\" content=\"index, follow, max-snippet:-1, max-image-preview:large, max-video-preview:-1\" \/>\n<link rel=\"canonical\" href=\"https:\/\/www.toftheatre.be\/page\/keur-mame-boye\/\" \/>\n<meta property=\"og:locale\" content=\"fr_FR\" \/>\n<meta property=\"og:type\" content=\"article\" \/>\n<meta property=\"og:title\" content=\"Keur Mame Boye -\" \/>\n<meta property=\"og:description\" content=\"Mame Boye nous convie dans sa boutique. Avec humour, malice et quelques marionnettes et objets bricol\u00e9s, la vieille femme donne \u00e0 sa mani\u00e8re\u2026 des conseils d\u2019hygi\u00e8ne dentaire.Les caries n\u2019ont qu\u2019\u00e0 bien se tenir ! Teaser Keur Mame Boye est un spectacle de th\u00e9\u00e2tre de marionnette cr\u00e9\u00e9 par le TOF Th\u00e9\u00e2tre avec des jeunes artistes s\u00e9n\u00e9galaises&hellip;&nbsp;\" \/>\n<meta property=\"og:url\" content=\"https:\/\/www.toftheatre.be\/page\/keur-mame-boye\/\" \/>\n<meta property=\"article:publisher\" content=\"https:\/\/www.facebook.com\/toftheatre\" \/>\n<meta property=\"article:modified_time\" content=\"2026-03-31T07:57:46+00:00\" \/>\n<meta property=\"og:image\" content=\"https:\/\/www.toftheatre.be\/page\/wp-content\/uploads\/2026\/03\/Vincent-Van-Utterbeeck-Maboule-2024-25-scaled.jpg\" \/>\n\t<meta property=\"og:image:width\" content=\"2560\" \/>\n\t<meta property=\"og:image:height\" content=\"1703\" \/>\n\t<meta property=\"og:image:type\" content=\"image\/jpeg\" \/>\n<meta name=\"twitter:card\" content=\"summary_large_image\" \/>\n<meta name=\"twitter:label1\" content=\"Dur\u00e9e de lecture est.\" \/>\n\t<meta name=\"twitter:data1\" content=\"2 minutes\" \/>\n<script type=\"application\/ld+json\" class=\"yoast-schema-graph\">{\"@context\":\"https:\\\/\\\/schema.org\",\"@graph\":[{\"@type\":\"WebPage\",\"@id\":\"https:\\\/\\\/www.toftheatre.be\\\/page\\\/keur-mame-boye\\\/\",\"url\":\"https:\\\/\\\/www.toftheatre.be\\\/page\\\/keur-mame-boye\\\/\",\"name\":\"Keur Mame Boye -\",\"isPartOf\":{\"@id\":\"https:\\\/\\\/www.toftheatre.be\\\/page\\\/#website\"},\"primaryImageOfPage\":{\"@id\":\"https:\\\/\\\/www.toftheatre.be\\\/page\\\/keur-mame-boye\\\/#primaryimage\"},\"image\":{\"@id\":\"https:\\\/\\\/www.toftheatre.be\\\/page\\\/keur-mame-boye\\\/#primaryimage\"},\"thumbnailUrl\":\"https:\\\/\\\/www.toftheatre.be\\\/page\\\/wp-content\\\/uploads\\\/2026\\\/03\\\/Vincent-Van-Utterbeeck-Maboule-2024-25-scaled.jpg\",\"datePublished\":\"2026-03-16T15:10:26+00:00\",\"dateModified\":\"2026-03-31T07:57:46+00:00\",\"breadcrumb\":{\"@id\":\"https:\\\/\\\/www.toftheatre.be\\\/page\\\/keur-mame-boye\\\/#breadcrumb\"},\"inLanguage\":\"fr-BE\",\"potentialAction\":[{\"@type\":\"ReadAction\",\"target\":[\"https:\\\/\\\/www.toftheatre.be\\\/page\\\/keur-mame-boye\\\/\"]}]},{\"@type\":\"ImageObject\",\"inLanguage\":\"fr-BE\",\"@id\":\"https:\\\/\\\/www.toftheatre.be\\\/page\\\/keur-mame-boye\\\/#primaryimage\",\"url\":\"https:\\\/\\\/www.toftheatre.be\\\/page\\\/wp-content\\\/uploads\\\/2026\\\/03\\\/Vincent-Van-Utterbeeck-Maboule-2024-25-scaled.jpg\",\"contentUrl\":\"https:\\\/\\\/www.toftheatre.be\\\/page\\\/wp-content\\\/uploads\\\/2026\\\/03\\\/Vincent-Van-Utterbeeck-Maboule-2024-25-scaled.jpg\",\"width\":2560,\"height\":1703},{\"@type\":\"BreadcrumbList\",\"@id\":\"https:\\\/\\\/www.toftheatre.be\\\/page\\\/keur-mame-boye\\\/#breadcrumb\",\"itemListElement\":[{\"@type\":\"ListItem\",\"position\":1,\"name\":\"Accueil\",\"item\":\"https:\\\/\\\/www.toftheatre.be\\\/page\\\/\"},{\"@type\":\"ListItem\",\"position\":2,\"name\":\"Keur Mame Boye\"}]},{\"@type\":\"WebSite\",\"@id\":\"https:\\\/\\\/www.toftheatre.be\\\/page\\\/#website\",\"url\":\"https:\\\/\\\/www.toftheatre.be\\\/page\\\/\",\"name\":\"Tof Th\u00e9\u00e2tre\",\"description\":\"\",\"publisher\":{\"@id\":\"https:\\\/\\\/www.toftheatre.be\\\/page\\\/#organization\"},\"potentialAction\":[{\"@type\":\"SearchAction\",\"target\":{\"@type\":\"EntryPoint\",\"urlTemplate\":\"https:\\\/\\\/www.toftheatre.be\\\/page\\\/?s={search_term_string}\"},\"query-input\":{\"@type\":\"PropertyValueSpecification\",\"valueRequired\":true,\"valueName\":\"search_term_string\"}}],\"inLanguage\":\"fr-BE\"},{\"@type\":\"Organization\",\"@id\":\"https:\\\/\\\/www.toftheatre.be\\\/page\\\/#organization\",\"name\":\"Tof Th\u00e9\u00e2tre\",\"url\":\"https:\\\/\\\/www.toftheatre.be\\\/page\\\/\",\"logo\":{\"@type\":\"ImageObject\",\"inLanguage\":\"fr-BE\",\"@id\":\"https:\\\/\\\/www.toftheatre.be\\\/page\\\/#\\\/schema\\\/logo\\\/image\\\/\",\"url\":\"https:\\\/\\\/www.toftheatre.be\\\/page\\\/wp-content\\\/uploads\\\/2026\\\/03\\\/cropped-logo-tof-678-530.png\",\"contentUrl\":\"https:\\\/\\\/www.toftheatre.be\\\/page\\\/wp-content\\\/uploads\\\/2026\\\/03\\\/cropped-logo-tof-678-530.png\",\"width\":200,\"height\":153,\"caption\":\"Tof Th\u00e9\u00e2tre\"},\"image\":{\"@id\":\"https:\\\/\\\/www.toftheatre.be\\\/page\\\/#\\\/schema\\\/logo\\\/image\\\/\"},\"sameAs\":[\"https:\\\/\\\/www.facebook.com\\\/toftheatre\",\"https:\\\/\\\/www.instagram.com\\\/tof_theatre\\\/\"]}]}<\/script>\n<!-- \/ Yoast SEO plugin. -->","yoast_head_json":{"title":"Keur Mame Boye -","robots":{"index":"index","follow":"follow","max-snippet":"max-snippet:-1","max-image-preview":"max-image-preview:large","max-video-preview":"max-video-preview:-1"},"canonical":"https:\/\/www.toftheatre.be\/page\/keur-mame-boye\/","og_locale":"fr_FR","og_type":"article","og_title":"Keur Mame Boye -","og_description":"Mame Boye nous convie dans sa boutique. Avec humour, malice et quelques marionnettes et objets bricol\u00e9s, la vieille femme donne \u00e0 sa mani\u00e8re\u2026 des conseils d\u2019hygi\u00e8ne dentaire.Les caries n\u2019ont qu\u2019\u00e0 bien se tenir ! Teaser Keur Mame Boye est un spectacle de th\u00e9\u00e2tre de marionnette cr\u00e9\u00e9 par le TOF Th\u00e9\u00e2tre avec des jeunes artistes s\u00e9n\u00e9galaises&hellip;&nbsp;","og_url":"https:\/\/www.toftheatre.be\/page\/keur-mame-boye\/","article_publisher":"https:\/\/www.facebook.com\/toftheatre","article_modified_time":"2026-03-31T07:57:46+00:00","og_image":[{"width":2560,"height":1703,"url":"https:\/\/www.toftheatre.be\/page\/wp-content\/uploads\/2026\/03\/Vincent-Van-Utterbeeck-Maboule-2024-25-scaled.jpg","type":"image\/jpeg"}],"twitter_card":"summary_large_image","twitter_misc":{"Dur\u00e9e de lecture est.":"2 minutes"},"schema":{"@context":"https:\/\/schema.org","@graph":[{"@type":"WebPage","@id":"https:\/\/www.toftheatre.be\/page\/keur-mame-boye\/","url":"https:\/\/www.toftheatre.be\/page\/keur-mame-boye\/","name":"Keur Mame Boye -","isPartOf":{"@id":"https:\/\/www.toftheatre.be\/page\/#website"},"primaryImageOfPage":{"@id":"https:\/\/www.toftheatre.be\/page\/keur-mame-boye\/#primaryimage"},"image":{"@id":"https:\/\/www.toftheatre.be\/page\/keur-mame-boye\/#primaryimage"},"thumbnailUrl":"https:\/\/www.toftheatre.be\/page\/wp-content\/uploads\/2026\/03\/Vincent-Van-Utterbeeck-Maboule-2024-25-scaled.jpg","datePublished":"2026-03-16T15:10:26+00:00","dateModified":"2026-03-31T07:57:46+00:00","breadcrumb":{"@id":"https:\/\/www.toftheatre.be\/page\/keur-mame-boye\/#breadcrumb"},"inLanguage":"fr-BE","potentialAction":[{"@type":"ReadAction","target":["https:\/\/www.toftheatre.be\/page\/keur-mame-boye\/"]}]},{"@type":"ImageObject","inLanguage":"fr-BE","@id":"https:\/\/www.toftheatre.be\/page\/keur-mame-boye\/#primaryimage","url":"https:\/\/www.toftheatre.be\/page\/wp-content\/uploads\/2026\/03\/Vincent-Van-Utterbeeck-Maboule-2024-25-scaled.jpg","contentUrl":"https:\/\/www.toftheatre.be\/page\/wp-content\/uploads\/2026\/03\/Vincent-Van-Utterbeeck-Maboule-2024-25-scaled.jpg","width":2560,"height":1703},{"@type":"BreadcrumbList","@id":"https:\/\/www.toftheatre.be\/page\/keur-mame-boye\/#breadcrumb","itemListElement":[{"@type":"ListItem","position":1,"name":"Accueil","item":"https:\/\/www.toftheatre.be\/page\/"},{"@type":"ListItem","position":2,"name":"Keur Mame Boye"}]},{"@type":"WebSite","@id":"https:\/\/www.toftheatre.be\/page\/#website","url":"https:\/\/www.toftheatre.be\/page\/","name":"Tof Th\u00e9\u00e2tre","description":"","publisher":{"@id":"https:\/\/www.toftheatre.be\/page\/#organization"},"potentialAction":[{"@type":"SearchAction","target":{"@type":"EntryPoint","urlTemplate":"https:\/\/www.toftheatre.be\/page\/?s={search_term_string}"},"query-input":{"@type":"PropertyValueSpecification","valueRequired":true,"valueName":"search_term_string"}}],"inLanguage":"fr-BE"},{"@type":"Organization","@id":"https:\/\/www.toftheatre.be\/page\/#organization","name":"Tof Th\u00e9\u00e2tre","url":"https:\/\/www.toftheatre.be\/page\/","logo":{"@type":"ImageObject","inLanguage":"fr-BE","@id":"https:\/\/www.toftheatre.be\/page\/#\/schema\/logo\/image\/","url":"https:\/\/www.toftheatre.be\/page\/wp-content\/uploads\/2026\/03\/cropped-logo-tof-678-530.png","contentUrl":"https:\/\/www.toftheatre.be\/page\/wp-content\/uploads\/2026\/03\/cropped-logo-tof-678-530.png","width":200,"height":153,"caption":"Tof Th\u00e9\u00e2tre"},"image":{"@id":"https:\/\/www.toftheatre.be\/page\/#\/schema\/logo\/image\/"},"sameAs":["https:\/\/www.facebook.com\/toftheatre","https:\/\/www.instagram.com\/tof_theatre\/"]}]}},"_links":{"self":[{"href":"https:\/\/www.toftheatre.be\/page\/wp-json\/wp\/v2\/pages\/479","targetHints":{"allow":["GET"]}}],"collection":[{"href":"https:\/\/www.toftheatre.be\/page\/wp-json\/wp\/v2\/pages"}],"about":[{"href":"https:\/\/www.toftheatre.be\/page\/wp-json\/wp\/v2\/types\/page"}],"author":[{"embeddable":true,"href":"https:\/\/www.toftheatre.be\/page\/wp-json\/wp\/v2\/users\/1"}],"replies":[{"embeddable":true,"href":"https:\/\/www.toftheatre.be\/page\/wp-json\/wp\/v2\/comments?post=479"}],"version-history":[{"count":19,"href":"https:\/\/www.toftheatre.be\/page\/wp-json\/wp\/v2\/pages\/479\/revisions"}],"predecessor-version":[{"id":1103,"href":"https:\/\/www.toftheatre.be\/page\/wp-json\/wp\/v2\/pages\/479\/revisions\/1103"}],"wp:featuredmedia":[{"embeddable":true,"href":"https:\/\/www.toftheatre.be\/page\/wp-json\/wp\/v2\/media\/497"}],"wp:attachment":[{"href":"https:\/\/www.toftheatre.be\/page\/wp-json\/wp\/v2\/media?parent=479"}],"curies":[{"name":"wp","href":"https:\/\/api.w.org\/{rel}","templated":true}]}}